{"id":3013,"date":"2023-06-07T16:29:15","date_gmt":"2023-06-07T19:29:15","guid":{"rendered":"https:\/\/costacannabis.ar\/?page_id=3013"},"modified":"2024-11-07T13:25:33","modified_gmt":"2024-11-07T16:25:33","slug":"blog","status":"publish","type":"page","link":"https:\/\/costacannabis.ar\/index.php\/blog\/","title":{"rendered":"Blog"},"content":{"rendered":"<p>[et_pb_section fb_built=&#8221;1&#8243; admin_label=&#8221;Header&#8221; _builder_version=&#8221;4.18.0&#8243; _module_preset=&#8221;default&#8221; use_background_color_gradient=&#8221;on&#8221; background_color_gradient_stops=&#8221;rgba(34,34,34,0) 0%|gcid-1f9b0bb3-481a-49f1-9fe6-999fc3c3182b 100%&#8221; background_color_gradient_overlays_image=&#8221;on&#8221; background_image=&#8221;http:\/\/costacannabis.ar\/wp-content\/uploads\/2023\/06\/banner-blog_costa_cannabis.jpg&#8221; custom_padding=&#8221;90px||90px||true|false&#8221; locked=&#8221;off&#8221; collapsed=&#8221;on&#8221; global_colors_info=&#8221;{%22gcid-1f9b0bb3-481a-49f1-9fe6-999fc3c3182b%22:%91%22background_color_gradient_stops%22%93}&#8221;][et_pb_row _builder_version=&#8221;4.20.0&#8243; _module_preset=&#8221;default&#8221; global_colors_info=&#8221;{}&#8221;][et_pb_column type=&#8221;4_4&#8243; _builder_version=&#8221;4.20.0&#8243; _module_preset=&#8221;default&#8221; global_colors_info=&#8221;{}&#8221;][et_pb_text _builder_version=&#8221;4.18.0&#8243; _module_preset=&#8221;ef359d48-be9a-404f-afa4-eff053c9044e&#8221; header_font=&#8221;|700||on|||||&#8221; header_text_color=&#8221;#FFFFFF&#8221; text_orientation=&#8221;center&#8221; custom_margin=&#8221;||10px||false|false&#8221; global_colors_info=&#8221;{}&#8221;]<\/p>\n<h1>CICLO COSTA CANNABIS<\/h1>\n<p>[\/et_pb_text][\/et_pb_column][\/et_pb_row][et_pb_row _builder_version=&#8221;4.18.0&#8243; _module_preset=&#8221;default&#8221; global_colors_info=&#8221;{}&#8221;][et_pb_column type=&#8221;4_4&#8243; _builder_version=&#8221;4.18.0&#8243; _module_preset=&#8221;default&#8221; global_colors_info=&#8221;{}&#8221;][et_pb_text _builder_version=&#8221;4.18.0&#8243; _module_preset=&#8221;default&#8221; text_text_color=&#8221;#ededed&#8221; global_colors_info=&#8221;{}&#8221;]<\/p>\n<p>Durante el a\u00f1o tambi\u00e9n nos encontramos en el \u201cCiclo Costa Cannabis\u201d un evento mensual gratuito organizado por Costa Cannabis, Conex Distribuidora con el apoyo de la C\u00e1mara Marplatense del Cannabis y la Agrupaci\u00f3n de Cannabicultores Marplatenses, donde especialistas con distintas perspectivas se suben al escenario del Club Tri para brindar su conocimiento y conceptos avanzados sobre el cultivo, la industria y los distintos usos y derivados del cannabis. <br \/>El objetivo es promover el encuentro de nuestra comunidad y acercar informaci\u00f3n valiosa en un ambiente distendido con m\u00fasica y proyecciones de cortos del Festival Internacional de Cine Cann\u00e1bico.<\/p>\n<p>[\/et_pb_text][\/et_pb_column][\/et_pb_row][\/et_pb_section][et_pb_section fb_built=&#8221;1&#8243; admin_label=&#8221;Blog&#8221; module_class=&#8221;mh-blog-1-1&#8243; _builder_version=&#8221;4.18.0&#8243; _module_preset=&#8221;default&#8221; background_color=&#8221;RGBA(255,71,71,0)&#8221; background_enable_image=&#8221;off&#8221; collapsed=&#8221;off&#8221; global_colors_info=&#8221;{}&#8221;][et_pb_row _builder_version=&#8221;4.18.0&#8243; _module_preset=&#8221;default&#8221; custom_css_before=&#8221;mh-blog-1-1&#8243; global_colors_info=&#8221;{}&#8221;][et_pb_column type=&#8221;4_4&#8243; _builder_version=&#8221;4.20.0&#8243; _module_preset=&#8221;default&#8221; global_colors_info=&#8221;{}&#8221;][et_pb_blog posts_number=&#8221;9&#8243; include_categories=&#8221;1,52&#8243; use_manual_excerpt=&#8221;off&#8221; show_more=&#8221;off&#8221; show_author=&#8221;off&#8221; show_excerpt=&#8221;off&#8221; _builder_version=&#8221;4.18.0&#8243; _module_preset=&#8221;6c41df06-3776-4e0e-b8b1-4672b8a72c3f&#8221; header_text_color=&#8221;#0A0000&#8243; header_letter_spacing=&#8221;4px&#8221; background_color=&#8221;RGBA(255,71,71,0)&#8221; animation_style=&#8221;fade&#8221; hover_enabled=&#8221;0&#8243; locked=&#8221;off&#8221; global_colors_info=&#8221;{%22gcid-1f9b0bb3-481a-49f1-9fe6-999fc3c3182b%22:%91%22read_more_text_color%22%93}&#8221; sticky_enabled=&#8221;0&#8243;][\/et_pb_blog][\/et_pb_column][\/et_pb_row][\/et_pb_section]<\/p>\n","protected":false},"excerpt":{"rendered":"<p>Blog del Ciclo Costa Cannabis<\/p>\n","protected":false},"author":1,"featured_media":0,"parent":0,"menu_order":0,"comment_status":"closed","ping_status":"closed","template":"","meta":{"_et_pb_use_builder":"on","_et_pb_old_content":"","_et_gb_content_width":"","om_disable_all_campaigns":false,"_monsterinsights_skip_tracking":false,"_monsterinsights_sitenote_active":false,"_monsterinsights_sitenote_note":"","_monsterinsights_sitenote_category":0,"footnotes":""},"class_list":["post-3013","page","type-page","status-publish","hentry"],"aioseo_notices":[],"_links":{"self":[{"href":"https:\/\/costacannabis.ar\/index.php\/wp-json\/wp\/v2\/pages\/3013","targetHints":{"allow":["GET"]}}],"collection":[{"href":"https:\/\/costacannabis.ar\/index.php\/wp-json\/wp\/v2\/pages"}],"about":[{"href":"https:\/\/costacannabis.ar\/index.php\/wp-json\/wp\/v2\/types\/page"}],"author":[{"embeddable":true,"href":"https:\/\/costacannabis.ar\/index.php\/wp-json\/wp\/v2\/users\/1"}],"replies":[{"embeddable":true,"href":"https:\/\/costacannabis.ar\/index.php\/wp-json\/wp\/v2\/comments?post=3013"}],"version-history":[{"count":20,"href":"https:\/\/costacannabis.ar\/index.php\/wp-json\/wp\/v2\/pages\/3013\/revisions"}],"predecessor-version":[{"id":6059,"href":"https:\/\/costacannabis.ar\/index.php\/wp-json\/wp\/v2\/pages\/3013\/revisions\/6059"}],"wp:attachment":[{"href":"https:\/\/costacannabis.ar\/index.php\/wp-json\/wp\/v2\/media?parent=3013"}],"curies":[{"name":"wp","href":"https:\/\/api.w.org\/{rel}","templated":true}]}}